{"id":26,"date":"2017-04-24T00:58:11","date_gmt":"2017-04-23T21:58:11","guid":{"rendered":"http:\/\/www.fuardanfuara.com\/?page_id=26"},"modified":"2025-06-23T16:27:59","modified_gmt":"2025-06-23T13:27:59","slug":"iletisim","status":"publish","type":"page","link":"https:\/\/www.fuardanfuara.com\/en\/iletisim\/","title":{"rendered":"Contact Us"},"content":{"rendered":"<p>[vc_row bk_type=&#8221;hook_full_row&#8221; row_height=&#8221;forced_row&#8221; bk_element=&#8221;image&#8221; bg_image_repeat=&#8221;hook_cover_top&#8221; bk_overlay=&#8221;dots.png&#8221; overlay_alpha=&#8221;75&#8243; append_arrow=&#8221;yes&#8221; css_animation=&#8221;hook_fade_waypoint&#8221; append_arrow_color=&#8221;#ffffff&#8221; bg_image=&#8221;27&#8243;][vc_column width=&#8221;1\/1&#8243;]<div class=\"prk_shortcode-title prk_break_word hook_center_align wpb_animate_when_almost_visible wpb_bottom-to-top h2_sized\"><div class=\"header_font zero_color prk_vc_title\" style=\"color:#ffffff;border-bottom-color:rgba(255, 255, 255,0.9);text-shadow:0px 0px 1px rgba(255, 255, 255,0.2);\"><h2 style=\"font-weight:400;padding:20px;border:2px solid #ffffff;width:400px;margin:0 auto;\">CONTACT US<\/h2><\/div><div class=\"clearfix\"><\/div><\/div>[\/vc_column][\/vc_row][vc_row bk_type=&#8221;hook_full_row&#8221; top_padding=&#8221;90px&#8221; bottom_padding=&#8221;90px&#8221;][vc_column width=&#8221;1\/12&#8243;][\/vc_column][vc_column width=&#8221;10\/12&#8243;]<div class=\"hook_spacer clearfix\" style=\"height:18px;\"><\/div>[vc_row_inner][vc_column_inner width=&#8221;1\/3&#8243;][vc_raw_html]JTNDaWZyYW1lJTIwc3JjJTNEJTIyaHR0cHMlM0ElMkYlMkZ3d3cuZ29vZ2xlLmNvbSUyRm1hcHMlMkZlbWJlZCUzRnBiJTNEJTIxMW0xOCUyMTFtMTIlMjExbTMlMjExZDI0NTguMzY4OTYwMTcxNTUlMjEyZDI4Ljk4NTA5NDcxNzQ5Mzc3MyUyMTNkNDEuMDQzMjk0NTQzNDM2NzQ0JTIxMm0zJTIxMWYwJTIxMmYwJTIxM2YwJTIxM20yJTIxMWkxMDI0JTIxMmk3NjglMjE0ZjEzLjElMjEzbTMlMjExbTIlMjExczB4MTRjYWI3NmRjMjM4ZDhhZCUyNTNBMHg2MzQyYzA0ZjViMmMwMWU4JTIxMnp4TEJ1dzdadXc3d2dUV0ZvWVd4c1pYTnBMQ0JEZFcxb2RYSnBlV1YwSUVOa0xpQk9iem94TVRVc0lETTBNemN6SU1XZWFjV2ZiR2t2eExCemRHRnVZblZzTENCVXc3eHlhMmw1WlElMjE1ZTAlMjEzbTIlMjExc3RyJTIxMnN1cyUyMTR2MTQ5Mjg4Mjg5ODEyOSUyMiUyMHdpZHRoJTNEJTIyMTAwJTI1JTIyJTIwaGVpZ2h0JTNEJTIyMjc4JTIyJTIwZnJhbWVib3JkZXIlM0QlMjIwJTIyJTIwc3R5bGUlM0QlMjJib3JkZXIlM0EwJTIyJTIwYWxsb3dmdWxsc2NyZWVuJTNFJTNDJTJGaWZyYW1lJTNF[\/vc_raw_html][\/vc_column_inner][vc_column_inner width=&#8221;1\/3&#8243;]<div class=\"prk_shorts small-12\">\n        <form action=\"#\" class=\"prk_theme_form delay-hook_center_align\" method=\"post\" data-empty=\"\" data-invalid=\"\" data-ok=\"\" data-name=\"Fuardan Fuara\">\n            <div class=\"row\">\n\t            <div class=\"small-6 columns\">\n\t                <input type=\"text\" class=\"pirenko_highlighted\" name=\"c_name\" id=\"c_name\" \n\t                placeholder=\"\"  data-original=\"\" \/>\n\t            <\/div>\n\t            <div class=\"small-6 columns\">\n\t                    <input type=\"text\" class=\"pirenko_highlighted\" name=\"c_email\" id=\"c_email\" size=\"28\" placeholder=\"\" \/>\n\t            <\/div>\n\t            <div class=\"small-12 hook_big_subject columns\">\n\t                    <input type=\"text\" class=\"pirenko_highlighted\" name=\"c_subject\" id=\"c_subject\" size=\"28\" placeholder=\"\" \/>\n\t            <\/div>\n\t            <div class=\"small-12 columns\">\n\t                <textarea class=\"pirenko_highlighted\" name=\"c_message\" id=\"c_message\" rows=\"8\"\n\t                placeholder=\"\" data-original=\"\"><\/textarea>\n\t            <\/div>\n            \t<div class=\"clearfix\"><\/div>\n            <\/div>\n        <input type=\"hidden\" id=\"full_subject\" name=\"full_subject\" value=\"\" \/>\n        <input type=\"hidden\" name=\"rec_email\" value=\"\" \/>\n        <div id=\"contact_ok\" class=\"prk_heavier_600 zero_color header_font\"><\/div>\n        <input type=\"hidden\" name=\"c_submitted\" id=\"c_submitted\" value=\"true\" \/>\n        <div class=\"clearfix\"><\/div>\n        <div id=\"submit_message_div\" class=\"colored_theme_button prk_small\">\n            <a href=\"#\"><\/a>\n        <\/div><\/form><\/div><div class=\"clearfix\"><\/div>[\/vc_column_inner][vc_column_inner width=&#8221;1\/3&#8243;][vc_single_image image=&#8221;52&#8243; img_size=&#8221;full&#8221; retina_image=&#8221;yes&#8221;]<div class=\"hook_spacer clearfix\" style=\"height:18px;\"><\/div>[vc_column_text]<strong>Address<\/strong><br \/>\nHarbiye Mah. Cumhuriyet Cad. Da\u011f Apt. No:34, D:13, 34367 \u015ei\u015fli, \u0130stanbul\u00a0&#8211; T\u00dcRK\u0130YE<\/p>\n<p><strong>Phone<\/strong><br \/>\n+90 212 291 77 91<\/p>\n<p><strong>Fax<\/strong><br \/>\n+90 212 291 50 22<\/p>\n<p><strong>E-mail<\/strong><br \/>\nfuar@servistravel.com.tr[\/vc_column_text][\/vc_column_inner][\/vc_row_inner][vc_row_inner][vc_column_inner]<div class=\"hook_spacer clearfix\" style=\"height:30px;\"><\/div>[vc_single_image image=&#8221;689&#8243; img_size=&#8221;medium&#8221; alignment=&#8221;center&#8221; onclick=&#8221;custom_link&#8221; img_link_target=&#8221;_blank&#8221; link=&#8221;https:\/\/www.tursab.org.tr\/tr\/ddsv&#8221;][\/vc_column_inner][\/vc_row_inner][\/vc_column][vc_column width=&#8221;1\/12&#8243;][\/vc_column][\/vc_row]<\/p>","protected":false},"excerpt":{"rendered":"<p>[vc_row bk_type=&#8221;hook_full_row&#8221; row_height=&#8221;forced_row&#8221; bk_element=&#8221;image&#8221; bg_image_repeat=&#8221;hook_cover_top&#8221; bk_overlay=&#8221;dots.png&#8221; overlay_alpha=&#8221;75&#8243; append_arrow=&#8221;yes&#8221; css_animation=&#8221;hook_fade_waypoint&#8221; append_arrow_color=&#8221;#ffffff&#8221; bg_image=&#8221;27&#8243;][vc_column width=&#8221;1\/1&#8243;][\/vc_column][\/vc_row][vc_row bk_type=&#8221;hook_full_row&#8221; top_padding=&#8221;90px&#8221; bottom_padding=&#8221;90px&#8221;][vc_column width=&#8221;1\/12&#8243;][\/vc_column][vc_column width=&#8221;10\/12&#8243;][vc_row_inner][vc_column_inner width=&#8221;1\/3&#8243;][vc_raw_html]JTNDaWZyYW1lJTIwc3JjJTNEJTIyaHR0cHMlM0ElMkYlMkZ3d3cuZ29vZ2xlLmNvbSUyRm1hcHMlMkZlbWJlZCUzRnBiJTNEJTIxMW0xOCUyMTFtMTIlMjExbTMlMjExZDI0NTguMzY4OTYwMTcxNTUlMjEyZDI4Ljk4NTA5NDcxNzQ5Mzc3MyUyMTNkNDEuMDQzMjk0NTQzNDM2NzQ0JTIxMm0zJTIxMWYwJTIxMmYwJTIxM2YwJTIxM20yJTIxMWkxMDI0JTIxMmk3NjglMjE0ZjEzLjElMjEzbTMlMjExbTIlMjExczB4MTRjYWI3NmRjMjM4ZDhhZCUyNTNBMHg2MzQyYzA0ZjViMmMwMWU4JTIxMnp4TEJ1dzdadXc3d2dUV0ZvWVd4c1pYTnBMQ0JEZFcxb2RYSnBlV1YwSUVOa0xpQk9iem94TVRVc0lETTBNemN6SU1XZWFjV2ZiR2t2eExCemRHRnVZblZzTENCVXc3eHlhMmw1WlElMjE1ZTAlMjEzbTIlMjExc3RyJTIxMnN1cyUyMTR2MTQ5Mjg4Mjg5ODEyOSUyMiUyMHdpZHRoJTNEJTIyMTAwJTI1JTIyJTIwaGVpZ2h0JTNEJTIyMjc4JTIyJTIwZnJhbWVib3JkZXIlM0QlMjIwJTIyJTIwc3R5bGUlM0QlMjJib3JkZXIlM0EwJTIyJTIwYWxsb3dmdWxsc2NyZWVuJTNFJTNDJTJGaWZyYW1lJTNF[\/vc_raw_html][\/vc_column_inner][vc_column_inner width=&#8221;1\/3&#8243;][\/vc_column_inner][vc_column_inner width=&#8221;1\/3&#8243;][vc_single_image image=&#8221;52&#8243; img_size=&#8221;full&#8221; retina_image=&#8221;yes&#8221;][vc_column_text]Address Harbiye Mah. Cumhuriyet Cad. Da\u011f Apt. No:34, D:13, 34367 \u015ei\u015fli, \u0130stanbul\u00a0&#8211; T\u00dcRK\u0130YE Phone +90 212 291 77 91 Fax +90 212 291 50 22 E-mail fuar@servistravel.com.tr[\/vc_column_text][\/vc_column_inner][\/vc_row_inner][vc_row_inner][vc_column_inner][vc_single_image image=&#8221;689&#8243; img_size=&#8221;medium&#8221; alignment=&#8221;center&#8221; onclick=&#8221;custom_link&#8221; img_link_target=&#8221;_blank&#8221; link=&#8221;https:\/\/www.tursab.org.tr\/tr\/ddsv&#8221;][\/vc_column_inner][\/vc_row_inner][\/vc_column][vc_column [&hellip;]<\/p>\n","protected":false},"author":1,"featured_media":0,"parent":0,"menu_order":4,"comment_status":"closed","ping_status":"closed","template":"","meta":[],"_links":{"self":[{"href":"https:\/\/www.fuardanfuara.com\/en\/wp-json\/wp\/v2\/pages\/26"}],"collection":[{"href":"https:\/\/www.fuardanfuara.com\/en\/wp-json\/wp\/v2\/pages"}],"about":[{"href":"https:\/\/www.fuardanfuara.com\/en\/wp-json\/wp\/v2\/types\/page"}],"author":[{"embeddable":true,"href":"https:\/\/www.fuardanfuara.com\/en\/wp-json\/wp\/v2\/users\/1"}],"replies":[{"embeddable":true,"href":"https:\/\/www.fuardanfuara.com\/en\/wp-json\/wp\/v2\/comments?post=26"}],"version-history":[{"count":13,"href":"https:\/\/www.fuardanfuara.com\/en\/wp-json\/wp\/v2\/pages\/26\/revisions"}],"predecessor-version":[{"id":1391,"href":"https:\/\/www.fuardanfuara.com\/en\/wp-json\/wp\/v2\/pages\/26\/revisions\/1391"}],"wp:attachment":[{"href":"https:\/\/www.fuardanfuara.com\/en\/wp-json\/wp\/v2\/media?parent=26"}],"curies":[{"name":"wp","href":"https:\/\/api.w.org\/{rel}","templated":true}]}}